{"id":16,"date":"2025-09-08T21:14:05","date_gmt":"2025-09-08T21:14:05","guid":{"rendered":"https:\/\/niestatupa.fi\/?page_id=16"},"modified":"2026-04-23T07:42:30","modified_gmt":"2026-04-23T07:42:30","slug":"aktiviteetit","status":"publish","type":"page","link":"https:\/\/niestatupa.fi\/index.php\/aktiviteetit\/","title":{"rendered":"Aktiviteetit ja tapahtumat"},"content":{"rendered":"\n<p class=\"has-medium-font-size\"><\/p>\n\n\n\n<div class=\"wp-block-columns is-layout-flex wp-container-core-columns-is-layout-9d6595d7 wp-block-columns-is-layout-flex\">\n<div class=\"wp-block-column is-layout-flow wp-block-column-is-layout-flow\">\n<p>Pihasta ladut moneen suuntaan<\/p>\n\n\n\n<figure data-wp-context=\"{&quot;imageId&quot;:&quot;69eba77de4ee8&quot;}\" data-wp-interactive=\"core\/image\" data-wp-key=\"69eba77de4ee8\" class=\"wp-block-image size-large is-resized wp-lightbox-container\"><img loading=\"lazy\" decoding=\"async\" width=\"1024\" height=\"702\" data-wp-class--hide=\"state.isContentHidden\" data-wp-class--show=\"state.isContentVisible\" data-wp-init=\"callbacks.setButtonStyles\" data-wp-on--click=\"actions.showLightbox\" data-wp-on--load=\"callbacks.setButtonStyles\" data-wp-on-window--resize=\"callbacks.setButtonStyles\" src=\"https:\/\/niestatupa.fi\/wp-content\/uploads\/2025\/09\/IMG_0435-1-1024x702.jpeg\" alt=\"\" class=\"wp-image-197\" style=\"width:322px;height:auto\" srcset=\"https:\/\/niestatupa.fi\/wp-content\/uploads\/2025\/09\/IMG_0435-1-1024x702.jpeg 1024w, https:\/\/niestatupa.fi\/wp-content\/uploads\/2025\/09\/IMG_0435-1-300x206.jpeg 300w, https:\/\/niestatupa.fi\/wp-content\/uploads\/2025\/09\/IMG_0435-1-768x526.jpeg 768w, https:\/\/niestatupa.fi\/wp-content\/uploads\/2025\/09\/IMG_0435-1-1536x1053.jpeg 1536w, https:\/\/niestatupa.fi\/wp-content\/uploads\/2025\/09\/IMG_0435-1-2048x1404.jpeg 2048w\" sizes=\"auto, (max-width: 1024px) 100vw, 1024px\" \/><button\n\t\t\tclass=\"lightbox-trigger\"\n\t\t\ttype=\"button\"\n\t\t\taria-haspopup=\"dialog\"\n\t\t\taria-label=\"Suurenna\"\n\t\t\tdata-wp-init=\"callbacks.initTriggerButton\"\n\t\t\tdata-wp-on--click=\"actions.showLightbox\"\n\t\t\tdata-wp-style--right=\"state.imageButtonRight\"\n\t\t\tdata-wp-style--top=\"state.imageButtonTop\"\n\t\t>\n\t\t\t<svg xmlns=\"http:\/\/www.w3.org\/2000\/svg\" width=\"12\" height=\"12\" fill=\"none\" viewBox=\"0 0 12 12\">\n\t\t\t\t<path fill=\"#fff\" d=\"M2 0a2 2 0 0 0-2 2v2h1.5V2a.5.5 0 0 1 .5-.5h2V0H2Zm2 10.5H2a.5.5 0 0 1-.5-.5V8H0v2a2 2 0 0 0 2 2h2v-1.5ZM8 12v-1.5h2a.5.5 0 0 0 .5-.5V8H12v2a2 2 0 0 1-2 2H8Zm2-12a2 2 0 0 1 2 2v2h-1.5V2a.5.5 0 0 0-.5-.5H8V0h2Z\" \/>\n\t\t\t<\/svg>\n\t\t<\/button><\/figure>\n<\/div>\n\n\n\n<div class=\"wp-block-column is-layout-flow wp-block-column-is-layout-flow\">\n<p><a href=\"https:\/\/yllas.fi\/skibus\/\">Ski-Bussilla<\/a> rinteisiin<\/p>\n\n\n\n<figure data-wp-context=\"{&quot;imageId&quot;:&quot;69eba77de5c9c&quot;}\" data-wp-interactive=\"core\/image\" data-wp-key=\"69eba77de5c9c\" class=\"wp-block-image size-large is-resized wp-lightbox-container\"><img loading=\"lazy\" decoding=\"async\" width=\"973\" height=\"1024\" data-wp-class--hide=\"state.isContentHidden\" data-wp-class--show=\"state.isContentVisible\" data-wp-init=\"callbacks.setButtonStyles\" data-wp-on--click=\"actions.showLightbox\" data-wp-on--load=\"callbacks.setButtonStyles\" data-wp-on-window--resize=\"callbacks.setButtonStyles\" src=\"https:\/\/niestatupa.fi\/wp-content\/uploads\/2025\/09\/IMG_0436-973x1024.jpeg\" alt=\"\" class=\"wp-image-104\" style=\"width:211px;height:auto\" srcset=\"https:\/\/niestatupa.fi\/wp-content\/uploads\/2025\/09\/IMG_0436-973x1024.jpeg 973w, https:\/\/niestatupa.fi\/wp-content\/uploads\/2025\/09\/IMG_0436-285x300.jpeg 285w, https:\/\/niestatupa.fi\/wp-content\/uploads\/2025\/09\/IMG_0436-768x808.jpeg 768w, https:\/\/niestatupa.fi\/wp-content\/uploads\/2025\/09\/IMG_0436.jpeg 1115w\" sizes=\"auto, (max-width: 973px) 100vw, 973px\" \/><button\n\t\t\tclass=\"lightbox-trigger\"\n\t\t\ttype=\"button\"\n\t\t\taria-haspopup=\"dialog\"\n\t\t\taria-label=\"Suurenna\"\n\t\t\tdata-wp-init=\"callbacks.initTriggerButton\"\n\t\t\tdata-wp-on--click=\"actions.showLightbox\"\n\t\t\tdata-wp-style--right=\"state.imageButtonRight\"\n\t\t\tdata-wp-style--top=\"state.imageButtonTop\"\n\t\t>\n\t\t\t<svg xmlns=\"http:\/\/www.w3.org\/2000\/svg\" width=\"12\" height=\"12\" fill=\"none\" viewBox=\"0 0 12 12\">\n\t\t\t\t<path fill=\"#fff\" d=\"M2 0a2 2 0 0 0-2 2v2h1.5V2a.5.5 0 0 1 .5-.5h2V0H2Zm2 10.5H2a.5.5 0 0 1-.5-.5V8H0v2a2 2 0 0 0 2 2h2v-1.5ZM8 12v-1.5h2a.5.5 0 0 0 .5-.5V8H12v2a2 2 0 0 1-2 2H8Zm2-12a2 2 0 0 1 2 2v2h-1.5V2a.5.5 0 0 0-.5-.5H8V0h2Z\" \/>\n\t\t\t<\/svg>\n\t\t<\/button><figcaption class=\"wp-element-caption\">Ski-bus pys\u00e4kit<\/figcaption><\/figure>\n<\/div>\n<\/div>\n\n\n\n<p>Kes\u00e4ll\u00e4 vaellus- ja maastopy\u00f6r\u00e4reitit l\u00e4htev\u00e4t latupohjia pitkin. L\u00e4hin talvipy\u00f6r\u00e4ilyreitti alkaa \u00c4k\u00e4shotellin pihasta. Melonta onnistuu Kes\u00e4nkijoessa ja- j\u00e4rvess\u00e4, \u00c4k\u00e4slompolossa ja \u00c4k\u00e4sjoessa. Varusteita vuokrataan mm. Jounin kauppakeskuksessa ja \u00c4k\u00e4slompolo sport-shopissa.<\/p>\n\n\n\n<p>Yll\u00e4ksen rinteilt\u00e4 l\u00f6ytyy my\u00f6s Suomen vuoden 2025 <a href=\"https:\/\/ski.yllas.fi\/bikepark\/\">bike park<\/a>.<\/p>\n\n\n\n<hr class=\"wp-block-separator has-alpha-channel-opacity\"\/>\n\n\n\n<h2 class=\"wp-block-heading has-medium-font-size\"><a href=\"https:\/\/yllas.fi\/tapahtumat\/\"><strong>TAPAHTUMIA<\/strong> <strong>2026<\/strong><\/a><\/h2>\n\n\n\n<p><\/p>\n\n\n\n<p class=\"has-medium-font-size\"><a href=\"https:\/\/www.yllasjazzblues.fi\/en\/frontpage\/\" data-type=\"link\" data-id=\"https:\/\/www.yllasjazzblues.fi\/en\/frontpage\/\">Yll\u00e4s JazzBlues<\/a> tammikuussa 2027<\/p>\n\n\n\n<p class=\"has-medium-font-size\"><a href=\"https:\/\/yllas.fi\/tapahtumat\/yllas-levi-hiihto-2026\/\">Yll\u00e4s-Levi hiihto<\/a> huhtikuussa 2027<\/p>\n\n\n\n<p class=\"has-medium-font-size\"><a href=\"https:\/\/www.laplandhotels.com\/fi\/hotellit-ja-kohteet\/yllas\/lapland-hotels-akashotelli\/tapahtumat\">\u00c4k\u00e4shotellin <\/a>Pirtukirkon esiintyj\u00e4t 2026<\/p>\n\n\n\n<p class=\"has-medium-font-size\"><a href=\"https:\/\/yllassoikoon.fi\/\">Yll\u00e4s soikoon<\/a> 8-11.7.2026<\/p>\n\n\n\n<p class=\"has-medium-font-size\"><a href=\"https:\/\/yllas.fi\/ow\/\">Yll\u00e4s Outdoor week<\/a> 11-19.7.2026<\/p>\n\n\n\n<p class=\"has-medium-font-size\"><a href=\"https:\/\/yllaslevimtb.fi\/en\/start\/\" data-type=\"link\" data-id=\"https:\/\/yllaslevimtb.fi\/en\/start\/\">Yll\u00e4s -Levi MTB<\/a> 25.7.2026<\/p>\n\n\n\n<p class=\"has-medium-font-size\"><\/p>\n\n\n\n<p class=\"has-large-font-size\"><\/p>\n\n\n\n<p><\/p>\n","protected":false},"excerpt":{"rendered":"<p>Pihasta ladut moneen suuntaan Ski-Bussilla rinteisiin Kes\u00e4ll\u00e4 vaellus- ja maastopy\u00f6r\u00e4reitit l\u00e4htev\u00e4t latupohjia pitkin. L\u00e4hin talvipy\u00f6r\u00e4ilyreitti alkaa \u00c4k\u00e4shotellin pihasta. Melonta onnistuu Kes\u00e4nkijoessa ja- j\u00e4rvess\u00e4, \u00c4k\u00e4slompolossa ja \u00c4k\u00e4sjoessa. Varusteita vuokrataan mm. Jounin kauppakeskuksessa ja \u00c4k\u00e4slompolo sport-shopissa. Yll\u00e4ksen rinteilt\u00e4 l\u00f6ytyy my\u00f6s Suomen vuoden &hellip; <a href=\"https:\/\/niestatupa.fi\/index.php\/aktiviteetit\/\">Lue loppuun <span class=\"meta-nav\">&rarr;<\/span><\/a><\/p>\n","protected":false},"author":1,"featured_media":115,"parent":0,"menu_order":0,"comment_status":"closed","ping_status":"closed","template":"onecolumn-page.php","meta":{"footnotes":""},"class_list":["post-16","page","type-page","status-publish","has-post-thumbnail","hentry"],"_links":{"self":[{"href":"https:\/\/niestatupa.fi\/index.php\/wp-json\/wp\/v2\/pages\/16","targetHints":{"allow":["GET"]}}],"collection":[{"href":"https:\/\/niestatupa.fi\/index.php\/wp-json\/wp\/v2\/pages"}],"about":[{"href":"https:\/\/niestatupa.fi\/index.php\/wp-json\/wp\/v2\/types\/page"}],"author":[{"embeddable":true,"href":"https:\/\/niestatupa.fi\/index.php\/wp-json\/wp\/v2\/users\/1"}],"replies":[{"embeddable":true,"href":"https:\/\/niestatupa.fi\/index.php\/wp-json\/wp\/v2\/comments?post=16"}],"version-history":[{"count":46,"href":"https:\/\/niestatupa.fi\/index.php\/wp-json\/wp\/v2\/pages\/16\/revisions"}],"predecessor-version":[{"id":577,"href":"https:\/\/niestatupa.fi\/index.php\/wp-json\/wp\/v2\/pages\/16\/revisions\/577"}],"wp:featuredmedia":[{"embeddable":true,"href":"https:\/\/niestatupa.fi\/index.php\/wp-json\/wp\/v2\/media\/115"}],"wp:attachment":[{"href":"https:\/\/niestatupa.fi\/index.php\/wp-json\/wp\/v2\/media?parent=16"}],"curies":[{"name":"wp","href":"https:\/\/api.w.org\/{rel}","templated":true}]}}