{"id":11,"date":"2025-09-08T12:05:15","date_gmt":"2025-09-08T12:05:15","guid":{"rendered":"https:\/\/niestatupa.fi\/?page_id=11"},"modified":"2026-01-23T07:24:07","modified_gmt":"2026-01-23T07:24:07","slug":"sijainti-ja-kulkuyhteydet","status":"publish","type":"page","link":"https:\/\/niestatupa.fi\/index.php\/sijainti-ja-kulkuyhteydet\/","title":{"rendered":"Sijainti ja kulkuyhteydet"},"content":{"rendered":"\n<p><\/p>\n\n\n\n<p>Sijainti kartalla:<\/p>\n\n\n\n<div class=\"wp-block-columns is-layout-flex wp-container-core-columns-is-layout-9d6595d7 wp-block-columns-is-layout-flex\">\n<div class=\"wp-block-column is-layout-flow wp-block-column-is-layout-flow\" style=\"flex-basis:66.66%\">\n<figure data-wp-context=\"{&quot;imageId&quot;:&quot;69ebc04c4ec6a&quot;}\" data-wp-interactive=\"core\/image\" data-wp-key=\"69ebc04c4ec6a\" class=\"wp-block-image size-large wp-lightbox-container\"><img loading=\"lazy\" decoding=\"async\" width=\"1024\" height=\"660\" data-wp-class--hide=\"state.isContentHidden\" data-wp-class--show=\"state.isContentVisible\" data-wp-init=\"callbacks.setButtonStyles\" data-wp-on--click=\"actions.showLightbox\" data-wp-on--load=\"callbacks.setButtonStyles\" data-wp-on-window--resize=\"callbacks.setButtonStyles\" src=\"https:\/\/niestatupa.fi\/wp-content\/uploads\/2025\/09\/IMG_0431-2-1024x660.jpeg\" alt=\"\" class=\"wp-image-67\" srcset=\"https:\/\/niestatupa.fi\/wp-content\/uploads\/2025\/09\/IMG_0431-2-1024x660.jpeg 1024w, https:\/\/niestatupa.fi\/wp-content\/uploads\/2025\/09\/IMG_0431-2-300x193.jpeg 300w, https:\/\/niestatupa.fi\/wp-content\/uploads\/2025\/09\/IMG_0431-2-768x495.jpeg 768w, https:\/\/niestatupa.fi\/wp-content\/uploads\/2025\/09\/IMG_0431-2-1536x989.jpeg 1536w, https:\/\/niestatupa.fi\/wp-content\/uploads\/2025\/09\/IMG_0431-2-2048x1319.jpeg 2048w\" sizes=\"auto, (max-width: 1024px) 100vw, 1024px\" \/><button\n\t\t\tclass=\"lightbox-trigger\"\n\t\t\ttype=\"button\"\n\t\t\taria-haspopup=\"dialog\"\n\t\t\taria-label=\"Suurenna\"\n\t\t\tdata-wp-init=\"callbacks.initTriggerButton\"\n\t\t\tdata-wp-on--click=\"actions.showLightbox\"\n\t\t\tdata-wp-style--right=\"state.imageButtonRight\"\n\t\t\tdata-wp-style--top=\"state.imageButtonTop\"\n\t\t>\n\t\t\t<svg xmlns=\"http:\/\/www.w3.org\/2000\/svg\" width=\"12\" height=\"12\" fill=\"none\" viewBox=\"0 0 12 12\">\n\t\t\t\t<path fill=\"#fff\" d=\"M2 0a2 2 0 0 0-2 2v2h1.5V2a.5.5 0 0 1 .5-.5h2V0H2Zm2 10.5H2a.5.5 0 0 1-.5-.5V8H0v2a2 2 0 0 0 2 2h2v-1.5ZM8 12v-1.5h2a.5.5 0 0 0 .5-.5V8H12v2a2 2 0 0 1-2 2H8Zm2-12a2 2 0 0 1 2 2v2h-1.5V2a.5.5 0 0 0-.5-.5H8V0h2Z\" \/>\n\t\t\t<\/svg>\n\t\t<\/button><\/figure>\n<\/div>\n\n\n\n<div class=\"wp-block-column is-layout-flow wp-block-column-is-layout-flow\" style=\"flex-basis:33.33%\">\n<p><strong>Et\u00e4isyydet:<\/strong><\/p>\n\n\n\n<ul class=\"wp-block-list\">\n<li>Laduille 100m<\/li>\n\n\n\n<li>Jounin kauppakeskus  1 km<\/li>\n\n\n\n<li>\u00c4k\u00e4shotelli 400m<\/li>\n\n\n\n<li>Bussipys\u00e4kit 200m<\/li>\n\n\n\n<li>Luontokeskus Kellokas 1,9 km<\/li>\n\n\n\n<li>Rinteet (Y1) 2,8 km<\/li>\n<\/ul>\n<\/div>\n<\/div>\n\n\n\n<p><a href=\"https:\/\/www.rundgrenoy.fi\/junabussi\">Junabussi<\/a> Kolarista. Pys\u00e4kki \u00c4k\u00e4shotelli. (<a href=\"https:\/\/liput.matkahuolto.fi\/connectionsearch?lang=fi&amp;departurePlaceId=s4420&amp;arrivalPlaceId=s4456&amp;departureDate=2026-01-08&amp;connectionId=eyJxdWVyeVZPIjp7InBsYWNlTmFtZUlkcyI6WzIwOCxudWxsLG51bGwsbnVsbF0sInN0b3BBcmVhSWRzIjpbbnVsbCw0NDU2LG51bGwsbnVsbF0sInN0b3BJZHMiOltudWxsLG51bGwsbnVsbCxudWxsXSwic3RvcEFyZWFOYW1lcyI6WyJMZW50b2FzZW1hIEtpdHRpbMOkIiwiw4Rrw6RzbG9tcG9sbywgw4Rrw6RzaG90ZWxsaSIsbnVsbCxudWxsXSwicGxhY2VOYW1lcyI6W251bGwsbnVsbCxudWxsLG51bGxdLCJkZXBhcnR1cmVEYXRlIjoiMjAyNS0xMi0xMyIsImNoYW5nZXMiOjIsInVwZGF0ZVN0YXRpc3RpY3MiOnRydWUsInJldHVyblJlc2VydmF0aW9uQWxsb3dlZCI6dHJ1ZSwicmV0dXJuRGVwYXJ0dXJlUmVzZXJ2YXRpb25NYXBJZCI6dHJ1ZSwicmV0dXJuUHJpY2VzQWxsb3dlZCI6dHJ1ZSwicmV0dXJuU2FsZXNBbGxvd2VkIjp0cnVlLCJyZXR1cm5SZXNlcnZhdGlvbk1hcFNlbnQiOnRydWUsInJldHVybkJhcmdhaW5QcmljZSI6dHJ1ZSwib25seUJhcmdhaW5UaWNrZXRzIjpmYWxzZSwiZGVwYXJ0dXJlSWRzIjpbbnVsbCxudWxsLG51bGwsbnVsbF0sInJldHVyblNhbGVzT25UaGVNb3ZlQWxsb3dlZCI6dHJ1ZSwicXVlcnlTdHJpbmciOiJhcnJpdmFsU3RvcEFyZWFJZD1zNDQ1NiZhcnJpdmFsU3RvcEFyZWFOYW1lPSDDhGvDpHNob3RlbGxpLMOEa8Okc2xvbXBvbG8mZGVwYXJ0dXJlRGF0ZT0yMDI1LTEyLTEzJmRlcGFydHVyZVN0b3BBcmVhSWQ9cDIwOCZkZXBhcnR1cmVTdG9wQXJlYU5hbWU9TGVudG9hc2VtYSBLaXR0aWzDpCZpbmxpbmVTaW1pbGFyQ29ubmVjdGlvbnM9dHJ1ZSIsInJldHVyblRyaXAiOmZhbHNlLCJyZXR1cm5TYWxlc0F0VGhlU3RhdGlvbkFsbG93ZWQiOmZhbHNlLCJyZXR1cm5QcmljZURldGFpbHMiOmZhbHNlLCJkaWdpU3RvcElkcyI6W251bGwsbnVsbCxudWxsLG51bGxdLCJxdW90YVJlc2VydmF0aW9uIjpmYWxzZSwiY29tcGFueUNvZGUiOiIiLCJyZXR1cm5SZXNlcnZhYmxlU2VydmljZXMiOnRydWUsImlubGluZVNpbWlsYXJDb25uZWN0aW9ucyI6dHJ1ZSwibWFwRGlzY291bnRUeXBlVG9QYXNzZW5nZXJDb3VudCI6e30sImNvbm5lY3Rpb25EZXRhaWxzUXVlcnkiOmZhbHNlLCJjb25uZWN0aW9uQXZhaWxhYmlsaXR5UXVlcnkiOmZhbHNlLCJ0cmFuc2ZlckNvbm5lY3Rpb25RdWVyeSI6ZmFsc2UsInBhZ2VJbmRleCI6MCwicGFnZVNpemUiOjAsInNvcnRPcmRlciI6dHJ1ZSwicXVpY2siOmZhbHNlfSwiZGVwYXJ0dXJlSWRzIjpbMjQxNDAzLG51bGwsbnVsbCxudWxsXSwiZGVwYXJ0dXJlU3RvcEFyZWFJZCI6NDE0MywiYXJyaXZhbFN0b3BBcmVhSWQiOjQ0NTZ9#breadcrumb\">Osta lippu<\/a>)<\/p>\n\n\n\n<p><a href=\"https:\/\/www.rundgrenoy.fi\/lentokenttabussi?utm_campaign=Lentokentt%C3%A4bussi+-+Kittil%C3%A4+Yll%C3%A4s+%255B100008125%255D&amp;utm_source=google&amp;utm_medium=cpc&amp;utm_term=bussi%2520kittil%C3%A4%2520yll%C3%A4s&amp;utm_content=5091855-e1-ng-mp-c22020285491-g171259136559-a725295040448-uCjwKCAjw_fnFBhB0EiwAH_MfZiIz6lxR1Ti2GYdFUe_tu4aYXaOQr0vV-77GRteZzH_Aaq_imuq4nRoCkKkQAvD_BwE-cat-kbussi%2520kittil%C3%A4%2520yll%C3%A4s-mod&amp;gad_source=1\">Lentokentt\u00e4bussi<\/a> Kittil\u00e4n kent\u00e4lt\u00e4. (<a href=\"https:\/\/liput.matkahuolto.fi\/connectionsearch?lang=fi&amp;departurePlaceId=p208&amp;arrivalPlaceId=s51697&amp;departureDate=2025-12-12&amp;connectionId=eyJxdWVyeVZPIjp7InBsYWNlTmFtZUlkcyI6WzIwOCxudWxsLG51bGwsbnVsbF0sInN0b3BBcmVhSWRzIjpbbnVsbCw0NDU2LG51bGwsbnVsbF0sInN0b3BJZHMiOltudWxsLG51bGwsbnVsbCxudWxsXSwic3RvcEFyZWFOYW1lcyI6WyJMZW50b2FzZW1hIEtpdHRpbMOkIiwiw4Rrw6RzbG9tcG9sbywgw4Rrw6RzaG90ZWxsaSIsbnVsbCxudWxsXSwicGxhY2VOYW1lcyI6W251bGwsbnVsbCxudWxsLG51bGxdLCJkZXBhcnR1cmVEYXRlIjoiMjAyNS0xMi0xMyIsImNoYW5nZXMiOjIsInVwZGF0ZVN0YXRpc3RpY3MiOnRydWUsInJldHVyblJlc2VydmF0aW9uQWxsb3dlZCI6dHJ1ZSwicmV0dXJuRGVwYXJ0dXJlUmVzZXJ2YXRpb25NYXBJZCI6dHJ1ZSwicmV0dXJuUHJpY2VzQWxsb3dlZCI6dHJ1ZSwicmV0dXJuU2FsZXNBbGxvd2VkIjp0cnVlLCJyZXR1cm5SZXNlcnZhdGlvbk1hcFNlbnQiOnRydWUsInJldHVybkJhcmdhaW5QcmljZSI6dHJ1ZSwib25seUJhcmdhaW5UaWNrZXRzIjpmYWxzZSwiZGVwYXJ0dXJlSWRzIjpbbnVsbCxudWxsLG51bGwsbnVsbF0sInJldHVyblNhbGVzT25UaGVNb3ZlQWxsb3dlZCI6dHJ1ZSwicXVlcnlTdHJpbmciOiJhcnJpdmFsU3RvcEFyZWFJZD1zNDQ1NiZhcnJpdmFsU3RvcEFyZWFOYW1lPSDDhGvDpHNob3RlbGxpLMOEa8Okc2xvbXBvbG8mZGVwYXJ0dXJlRGF0ZT0yMDI1LTEyLTEzJmRlcGFydHVyZVN0b3BBcmVhSWQ9cDIwOCZkZXBhcnR1cmVTdG9wQXJlYU5hbWU9TGVudG9hc2VtYSBLaXR0aWzDpCZpbmxpbmVTaW1pbGFyQ29ubmVjdGlvbnM9dHJ1ZSIsInJldHVyblRyaXAiOmZhbHNlLCJyZXR1cm5TYWxlc0F0VGhlU3RhdGlvbkFsbG93ZWQiOmZhbHNlLCJyZXR1cm5QcmljZURldGFpbHMiOmZhbHNlLCJkaWdpU3RvcElkcyI6W251bGwsbnVsbCxudWxsLG51bGxdLCJxdW90YVJlc2VydmF0aW9uIjpmYWxzZSwiY29tcGFueUNvZGUiOiIiLCJyZXR1cm5SZXNlcnZhYmxlU2VydmljZXMiOnRydWUsImlubGluZVNpbWlsYXJDb25uZWN0aW9ucyI6dHJ1ZSwibWFwRGlzY291bnRUeXBlVG9QYXNzZW5nZXJDb3VudCI6e30sImNvbm5lY3Rpb25EZXRhaWxzUXVlcnkiOmZhbHNlLCJjb25uZWN0aW9uQXZhaWxhYmlsaXR5UXVlcnkiOmZhbHNlLCJ0cmFuc2ZlckNvbm5lY3Rpb25RdWVyeSI6ZmFsc2UsInBhZ2VJbmRleCI6MCwicGFnZVNpemUiOjAsInNvcnRPcmRlciI6dHJ1ZSwicXVpY2siOmZhbHNlfSwiZGVwYXJ0dXJlSWRzIjpbMjQxNDAzLG51bGwsbnVsbCxudWxsXSwiZGVwYXJ0dXJlU3RvcEFyZWFJZCI6NDE0MywiYXJyaXZhbFN0b3BBcmVhSWQiOjQ0NTZ9#breadcrumb\">Osta lippu<\/a>) Pys\u00e4kit R\u00f6hk\u00f6mukka ja Takamett\u00e4ntie kts. <a href=\"https:\/\/yllas.fi\/skibus\/\" data-type=\"link\" data-id=\"https:\/\/yllas.fi\/skibus\/\">ski-bus<\/a>.<\/p>\n\n\n\n<div class=\"wp-block-columns is-layout-flex wp-container-core-columns-is-layout-9d6595d7 wp-block-columns-is-layout-flex\">\n<div class=\"wp-block-column is-layout-flow wp-block-column-is-layout-flow\" style=\"flex-basis:33.33%\"><\/div>\n<\/div>\n\n\n\n<div class=\"wp-block-columns is-layout-flex wp-container-core-columns-is-layout-9d6595d7 wp-block-columns-is-layout-flex\">\n<div class=\"wp-block-column is-layout-flow wp-block-column-is-layout-flow\" style=\"flex-basis:66.66%\">\n<figure class=\"wp-block-image size-full\"><img decoding=\"async\" src=\"https:\/\/niestatupa.fi\/wp-content\/uploads\/2025\/09\/IMG_0451-1.jpeg\" alt=\"\" class=\"wp-image-206\"\/><\/figure>\n<\/div>\n\n\n\n<div class=\"wp-block-column is-layout-flow wp-block-column-is-layout-flow\" style=\"flex-basis:33.33%\"><\/div>\n<\/div>\n\n\n\n<p><\/p>\n","protected":false},"excerpt":{"rendered":"<p>Sijainti kartalla: Et\u00e4isyydet: Junabussi Kolarista. Pys\u00e4kki \u00c4k\u00e4shotelli. (Osta lippu) Lentokentt\u00e4bussi Kittil\u00e4n kent\u00e4lt\u00e4. (Osta lippu) Pys\u00e4kit R\u00f6hk\u00f6mukka ja Takamett\u00e4ntie kts. ski-bus.<\/p>\n","protected":false},"author":1,"featured_media":0,"parent":0,"menu_order":0,"comment_status":"closed","ping_status":"closed","template":"onecolumn-page.php","meta":{"footnotes":""},"class_list":["post-11","page","type-page","status-publish","hentry"],"_links":{"self":[{"href":"https:\/\/niestatupa.fi\/index.php\/wp-json\/wp\/v2\/pages\/11","targetHints":{"allow":["GET"]}}],"collection":[{"href":"https:\/\/niestatupa.fi\/index.php\/wp-json\/wp\/v2\/pages"}],"about":[{"href":"https:\/\/niestatupa.fi\/index.php\/wp-json\/wp\/v2\/types\/page"}],"author":[{"embeddable":true,"href":"https:\/\/niestatupa.fi\/index.php\/wp-json\/wp\/v2\/users\/1"}],"replies":[{"embeddable":true,"href":"https:\/\/niestatupa.fi\/index.php\/wp-json\/wp\/v2\/comments?post=11"}],"version-history":[{"count":18,"href":"https:\/\/niestatupa.fi\/index.php\/wp-json\/wp\/v2\/pages\/11\/revisions"}],"predecessor-version":[{"id":526,"href":"https:\/\/niestatupa.fi\/index.php\/wp-json\/wp\/v2\/pages\/11\/revisions\/526"}],"wp:attachment":[{"href":"https:\/\/niestatupa.fi\/index.php\/wp-json\/wp\/v2\/media?parent=11"}],"curies":[{"name":"wp","href":"https:\/\/api.w.org\/{rel}","templated":true}]}}